{"id":618,"date":"2020-09-09T13:14:25","date_gmt":"2020-09-09T13:14:25","guid":{"rendered":"http:\/\/wsa.d-z-e-n.com\/?page_id=618"},"modified":"2026-02-18T14:34:46","modified_gmt":"2026-02-18T14:34:46","slug":"planungsseminar","status":"publish","type":"page","link":"https:\/\/wsa.ch\/de\/bueroplanung\/planungsseminar","title":{"rendered":"WORK BETTER. LUNCH &amp; LEARN."},"content":{"rendered":"\n<p><img loading=\"lazy\" decoding=\"async\" class=\"alignnone size-full wp-image-28677\" src=\"https:\/\/wsa.ch\/de\/wp-content\/uploads\/2026\/02\/LunchLearn-Bild2-Kopie.jpg\" alt=\"\" width=\"2281\" height=\"1582\" srcset=\"https:\/\/wsa.ch\/de\/wp-content\/uploads\/2026\/02\/LunchLearn-Bild2-Kopie.jpg 2281w, https:\/\/wsa.ch\/de\/wp-content\/uploads\/2026\/02\/LunchLearn-Bild2-Kopie-300x208.jpg 300w, https:\/\/wsa.ch\/de\/wp-content\/uploads\/2026\/02\/LunchLearn-Bild2-Kopie-1024x710.jpg 1024w, https:\/\/wsa.ch\/de\/wp-content\/uploads\/2026\/02\/LunchLearn-Bild2-Kopie-768x533.jpg 768w, https:\/\/wsa.ch\/de\/wp-content\/uploads\/2026\/02\/LunchLearn-Bild2-Kopie-1536x1065.jpg 1536w, https:\/\/wsa.ch\/de\/wp-content\/uploads\/2026\/02\/LunchLearn-Bild2-Kopie-2048x1420.jpg 2048w, https:\/\/wsa.ch\/de\/wp-content\/uploads\/2026\/02\/LunchLearn-Bild2-Kopie-1920x1332.jpg 1920w, https:\/\/wsa.ch\/de\/wp-content\/uploads\/2026\/02\/LunchLearn-Bild2-Kopie-170x118.jpg 170w, https:\/\/wsa.ch\/de\/wp-content\/uploads\/2026\/02\/LunchLearn-Bild2-Kopie-600x416.jpg 600w\" sizes=\"(max-width: 2281px) 100vw, 2281px\" \/><\/p>\n<p>Sie sind Projektverantwortlicher, Architekt oder Planer und stehen kurz vor einem Umbau, Umzug oder m\u00f6chten sich einfach nur \u00fcber die neusten B\u00fcro- und Kommunikationswelten informieren und Ideen tanken. Wir gehen auf Ihre Fragen und W\u00fcnsche ein und k\u00f6nnen Sie dazu inspirieren sich von der IST Situation zu l\u00f6sen und Neuzudenken. Easy von A nach Z umschreibt unser aktuelles Programm, welches Sie durch den Morgen f\u00fchrt. Beim anschliessenden Mittagessen haben Sie die Gelegenheit, sich mit anderen Teilnehmenden auszutauschen und individuelle Fragen an unser WSA Team zu stellen. Erleben Sie auf 2500 m<sup>2\u00a0<\/sup>die Welt von WSA und besuchen Sie uns.<\/p>\n","protected":false},"excerpt":{"rendered":"<p>Sie sind Projektverantwortlicher, Architekt oder Planer und stehen kurz vor einem Umbau, Umzug oder m\u00f6chten sich einfach nur \u00fcber die neusten B\u00fcro- und Kommunikationswelten informieren und Ideen tanken. Wir gehen auf Ihre Fragen und W\u00fcnsche ein und k\u00f6nnen Sie dazu inspirieren sich von der IST Situation zu l\u00f6sen und Neuzudenken. Easy von A nach Z [&hellip;]<\/p>\n","protected":false},"author":1,"featured_media":28678,"parent":11629,"menu_order":0,"comment_status":"closed","ping_status":"closed","template":"","meta":{"inline_featured_image":false,"footnotes":""},"class_list":["post-618","page","type-page","status-publish","has-post-thumbnail","hentry"],"yoast_head":"<!-- This site is optimized with the Yoast SEO plugin v15.5 - https:\/\/yoast.com\/wordpress\/plugins\/seo\/ -->\n<title>B\u00fcro Planungsseminar von WSA | Ein Projekt ist zuerst eine Idee<\/title>\n<meta name=\"description\" content=\"Sie sind Projektverantwortlicher, Architekt oder Planer und stehen kurz vor einem Umbau \u2013 Jetzt mehr \u00fcber das Planungsseminar erfahren.\" \/>\n<meta name=\"robots\" content=\"index, follow, max-snippet:-1, max-image-preview:large, max-video-preview:-1\" \/>\n<link rel=\"canonical\" href=\"https:\/\/wsa.ch\/de\/bueroplanung\/planungsseminar\" \/>\n<meta property=\"og:locale\" content=\"de_DE\" \/>\n<meta property=\"og:type\" content=\"article\" \/>\n<meta property=\"og:title\" content=\"B\u00fcro Planungsseminar von WSA | Ein Projekt ist zuerst eine Idee\" \/>\n<meta property=\"og:description\" content=\"Sie sind Projektverantwortlicher, Architekt oder Planer und stehen kurz vor einem Umbau \u2013 Jetzt mehr \u00fcber das Planungsseminar erfahren.\" \/>\n<meta property=\"og:url\" content=\"https:\/\/wsa.ch\/de\/bueroplanung\/planungsseminar\" \/>\n<meta property=\"og:site_name\" content=\"WSA\" \/>\n<meta property=\"article:modified_time\" content=\"2026-02-18T14:34:46+00:00\" \/>\n<meta property=\"og:image\" content=\"https:\/\/wsa.ch\/de\/wp-content\/uploads\/2026\/02\/LunchLearn-Bild2-Kopie-2.jpg\" \/>\n\t<meta property=\"og:image:width\" content=\"2281\" \/>\n\t<meta property=\"og:image:height\" content=\"1393\" \/>\n<meta name=\"twitter:card\" content=\"summary_large_image\" \/>\n<meta name=\"twitter:label1\" content=\"Gesch\u00e4tzte Lesezeit\">\n\t<meta name=\"twitter:data1\" content=\"0\u00a0Minuten\">\n<script type=\"application\/ld+json\" class=\"yoast-schema-graph\">{\"@context\":\"https:\/\/schema.org\",\"@graph\":[{\"@type\":\"WebSite\",\"@id\":\"https:\/\/wsa.ch\/de\/#website\",\"url\":\"https:\/\/wsa.ch\/de\/\",\"name\":\"WSA\",\"description\":\"WSA is a leading supplier of modern office and communications environments\",\"potentialAction\":[{\"@type\":\"SearchAction\",\"target\":\"https:\/\/wsa.ch\/de\/?s={search_term_string}\",\"query-input\":\"required name=search_term_string\"}],\"inLanguage\":\"de\"},{\"@type\":\"ImageObject\",\"@id\":\"https:\/\/wsa.ch\/de\/bueroplanung\/planungsseminar#primaryimage\",\"inLanguage\":\"de\",\"url\":\"https:\/\/wsa.ch\/de\/wp-content\/uploads\/2026\/02\/LunchLearn-Bild2-Kopie-2.jpg\",\"width\":2281,\"height\":1393},{\"@type\":\"WebPage\",\"@id\":\"https:\/\/wsa.ch\/de\/bueroplanung\/planungsseminar#webpage\",\"url\":\"https:\/\/wsa.ch\/de\/bueroplanung\/planungsseminar\",\"name\":\"B\\u00fcro Planungsseminar von WSA | Ein Projekt ist zuerst eine Idee\",\"isPartOf\":{\"@id\":\"https:\/\/wsa.ch\/de\/#website\"},\"primaryImageOfPage\":{\"@id\":\"https:\/\/wsa.ch\/de\/bueroplanung\/planungsseminar#primaryimage\"},\"datePublished\":\"2020-09-09T13:14:25+00:00\",\"dateModified\":\"2026-02-18T14:34:46+00:00\",\"description\":\"Sie sind Projektverantwortlicher, Architekt oder Planer und stehen kurz vor einem Umbau \\u2013 Jetzt mehr \\u00fcber das Planungsseminar erfahren.\",\"inLanguage\":\"de\",\"potentialAction\":[{\"@type\":\"ReadAction\",\"target\":[\"https:\/\/wsa.ch\/de\/bueroplanung\/planungsseminar\"]}]}]}<\/script>\n<!-- \/ Yoast SEO plugin. -->","_links":{"self":[{"href":"https:\/\/wsa.ch\/de\/wp-json\/wp\/v2\/pages\/618"}],"collection":[{"href":"https:\/\/wsa.ch\/de\/wp-json\/wp\/v2\/pages"}],"about":[{"href":"https:\/\/wsa.ch\/de\/wp-json\/wp\/v2\/types\/page"}],"author":[{"embeddable":true,"href":"https:\/\/wsa.ch\/de\/wp-json\/wp\/v2\/users\/1"}],"replies":[{"embeddable":true,"href":"https:\/\/wsa.ch\/de\/wp-json\/wp\/v2\/comments?post=618"}],"version-history":[{"count":10,"href":"https:\/\/wsa.ch\/de\/wp-json\/wp\/v2\/pages\/618\/revisions"}],"predecessor-version":[{"id":28679,"href":"https:\/\/wsa.ch\/de\/wp-json\/wp\/v2\/pages\/618\/revisions\/28679"}],"up":[{"embeddable":true,"href":"https:\/\/wsa.ch\/de\/wp-json\/wp\/v2\/pages\/11629"}],"wp:featuredmedia":[{"embeddable":true,"href":"https:\/\/wsa.ch\/de\/wp-json\/wp\/v2\/media\/28678"}],"wp:attachment":[{"href":"https:\/\/wsa.ch\/de\/wp-json\/wp\/v2\/media?parent=618"}],"curies":[{"name":"wp","href":"https:\/\/api.w.org\/{rel}","templated":true}]}}