{"id":635,"date":"2020-09-09T17:53:56","date_gmt":"2020-09-09T17:53:56","guid":{"rendered":"http:\/\/wsa.d-z-e-n.com\/?page_id=635"},"modified":"2026-02-10T10:34:45","modified_gmt":"2026-02-10T10:34:45","slug":"workshop-potential-of-space","status":"publish","type":"page","link":"https:\/\/wsa.ch\/de\/bueroplanung\/workshop-potential-of-space","title":{"rendered":"45 Minuten Workshop zum Thema &#8222;Potential of Space&#8220;"},"content":{"rendered":"<div class=\"grid-x grid-margin-x\">\r\n    <div class=\"cell\">\r\n        <div class=\"block-before-after-image\">\r\n            <div class=\"ba-slider\">\r\n                <img loading=\"lazy\" decoding=\"async\" width=\"935\" height=\"398\" src=\"https:\/\/wsa.ch\/de\/wp-content\/uploads\/2024\/06\/Before_Bild.png\" class=\"attachment-935x600 size-935x600\" alt=\"\" srcset=\"https:\/\/wsa.ch\/de\/wp-content\/uploads\/2024\/06\/Before_Bild.png 935w, https:\/\/wsa.ch\/de\/wp-content\/uploads\/2024\/06\/Before_Bild-300x128.png 300w, https:\/\/wsa.ch\/de\/wp-content\/uploads\/2024\/06\/Before_Bild-768x327.png 768w, https:\/\/wsa.ch\/de\/wp-content\/uploads\/2024\/06\/Before_Bild-170x72.png 170w, https:\/\/wsa.ch\/de\/wp-content\/uploads\/2024\/06\/Before_Bild-600x255.png 600w\" sizes=\"(max-width: 935px) 100vw, 935px\" \/>                <div class=\"resize\">\r\n                    <img loading=\"lazy\" decoding=\"async\" width=\"935\" height=\"398\" src=\"https:\/\/wsa.ch\/de\/wp-content\/uploads\/2024\/06\/after.png\" class=\"attachment-935x600 size-935x600\" alt=\"\" srcset=\"https:\/\/wsa.ch\/de\/wp-content\/uploads\/2024\/06\/after.png 935w, https:\/\/wsa.ch\/de\/wp-content\/uploads\/2024\/06\/after-300x128.png 300w, https:\/\/wsa.ch\/de\/wp-content\/uploads\/2024\/06\/after-768x327.png 768w, https:\/\/wsa.ch\/de\/wp-content\/uploads\/2024\/06\/after-170x72.png 170w, https:\/\/wsa.ch\/de\/wp-content\/uploads\/2024\/06\/after-600x255.png 600w\" sizes=\"(max-width: 935px) 100vw, 935px\" \/>                <\/div>\r\n                <span class=\"handle\"><\/span>\r\n            <\/div>\r\n        <\/div>\r\n    <\/div>\r\n<\/div>\n\n\n<p>Sie bezahlen Miete f\u00fcr eine B\u00fcrofl\u00e4che. Aber wird die Fl\u00e4che auch optimal genutzt?<br>Sie setzen auf Ihre Mitarbeiter. Aber kommen diese oft und gerne ins B\u00fcro?<br>Sind Sie der Meinung, man k\u00f6nnte die B\u00fcrofl\u00e4che effektiver nutzen und die Arbeitsplatz-Attraktivit\u00e4t steigern?<br>Allerdings fehlt Ihnen die Zeit f\u00fcr die Realisierung?<br>M\u00f6chten Sie das Potenzial Ihrer B\u00fcrofl\u00e4chen f\u00fcr Ihr Unternehmen kennenlernen?<\/p>\n\n\n\n<p><\/p>\n","protected":false},"excerpt":{"rendered":"<p>In nur 45 Minuten erhalten Sie News, Inspiration und eine Guideline, wie Sie f\u00fcr Ihr Unternehmen eine bessere Arbeitsumgebung schaffen k\u00f6nnen.<\/p>\n","protected":false},"author":1,"featured_media":24306,"parent":11629,"menu_order":0,"comment_status":"closed","ping_status":"closed","template":"","meta":{"inline_featured_image":false,"footnotes":""},"class_list":["post-635","page","type-page","status-publish","has-post-thumbnail","hentry"],"yoast_head":"<!-- This site is optimized with the Yoast SEO plugin v15.5 - https:\/\/yoast.com\/wordpress\/plugins\/seo\/ -->\n<title>Workshop von WSA | Neudenken | Jetzt online anmelden<\/title>\n<meta name=\"description\" content=\"WSA offeriert den 1-st\u00fcndigen Workshop \u00abNEUDENKEN\u00bb, in welchem wir pr\u00e4sentieren wohin sich die B\u00fcrowelt entwickelt \u2013 Jetzt kostenlos anmelden.\" \/>\n<meta name=\"robots\" content=\"index, follow, max-snippet:-1, max-image-preview:large, max-video-preview:-1\" \/>\n<link rel=\"canonical\" href=\"https:\/\/wsa.ch\/de\/bueroplanung\/workshop-potential-of-space\" \/>\n<meta property=\"og:locale\" content=\"de_DE\" \/>\n<meta property=\"og:type\" content=\"article\" \/>\n<meta property=\"og:title\" content=\"Workshop von WSA | Neudenken | Jetzt online anmelden\" \/>\n<meta property=\"og:description\" content=\"WSA offeriert den 1-st\u00fcndigen Workshop \u00abNEUDENKEN\u00bb, in welchem wir pr\u00e4sentieren wohin sich die B\u00fcrowelt entwickelt \u2013 Jetzt kostenlos anmelden.\" \/>\n<meta property=\"og:url\" content=\"https:\/\/wsa.ch\/de\/bueroplanung\/workshop-potential-of-space\" \/>\n<meta property=\"og:site_name\" content=\"WSA\" \/>\n<meta property=\"article:modified_time\" content=\"2026-02-10T10:34:45+00:00\" \/>\n<meta property=\"og:image\" content=\"https:\/\/wsa.ch\/de\/wp-content\/uploads\/2024\/05\/Seminar_klein_Bild-1024x695.png\" \/>\n\t<meta property=\"og:image:width\" content=\"1024\" \/>\n\t<meta property=\"og:image:height\" content=\"695\" \/>\n<meta name=\"twitter:card\" content=\"summary_large_image\" \/>\n<meta name=\"twitter:label1\" content=\"Gesch\u00e4tzte Lesezeit\">\n\t<meta name=\"twitter:data1\" content=\"0\u00a0Minuten\">\n<script type=\"application\/ld+json\" class=\"yoast-schema-graph\">{\"@context\":\"https:\/\/schema.org\",\"@graph\":[{\"@type\":\"WebSite\",\"@id\":\"https:\/\/wsa.ch\/de\/#website\",\"url\":\"https:\/\/wsa.ch\/de\/\",\"name\":\"WSA\",\"description\":\"WSA is a leading supplier of modern office and communications environments\",\"potentialAction\":[{\"@type\":\"SearchAction\",\"target\":\"https:\/\/wsa.ch\/de\/?s={search_term_string}\",\"query-input\":\"required name=search_term_string\"}],\"inLanguage\":\"de\"},{\"@type\":\"ImageObject\",\"@id\":\"https:\/\/wsa.ch\/de\/bueroplanung\/workshop-potential-of-space#primaryimage\",\"inLanguage\":\"de\",\"url\":\"https:\/\/wsa.ch\/de\/wp-content\/uploads\/2024\/05\/Seminar_klein_Bild.png\",\"width\":2047,\"height\":1390},{\"@type\":\"WebPage\",\"@id\":\"https:\/\/wsa.ch\/de\/bueroplanung\/workshop-potential-of-space#webpage\",\"url\":\"https:\/\/wsa.ch\/de\/bueroplanung\/workshop-potential-of-space\",\"name\":\"Workshop von WSA | Neudenken | Jetzt online anmelden\",\"isPartOf\":{\"@id\":\"https:\/\/wsa.ch\/de\/#website\"},\"primaryImageOfPage\":{\"@id\":\"https:\/\/wsa.ch\/de\/bueroplanung\/workshop-potential-of-space#primaryimage\"},\"datePublished\":\"2020-09-09T17:53:56+00:00\",\"dateModified\":\"2026-02-10T10:34:45+00:00\",\"description\":\"WSA offeriert den 1-st\\u00fcndigen Workshop \\u00abNEUDENKEN\\u00bb, in welchem wir pr\\u00e4sentieren wohin sich die B\\u00fcrowelt entwickelt \\u2013 Jetzt kostenlos anmelden.\",\"inLanguage\":\"de\",\"potentialAction\":[{\"@type\":\"ReadAction\",\"target\":[\"https:\/\/wsa.ch\/de\/bueroplanung\/workshop-potential-of-space\"]}]}]}<\/script>\n<!-- \/ Yoast SEO plugin. -->","_links":{"self":[{"href":"https:\/\/wsa.ch\/de\/wp-json\/wp\/v2\/pages\/635"}],"collection":[{"href":"https:\/\/wsa.ch\/de\/wp-json\/wp\/v2\/pages"}],"about":[{"href":"https:\/\/wsa.ch\/de\/wp-json\/wp\/v2\/types\/page"}],"author":[{"embeddable":true,"href":"https:\/\/wsa.ch\/de\/wp-json\/wp\/v2\/users\/1"}],"replies":[{"embeddable":true,"href":"https:\/\/wsa.ch\/de\/wp-json\/wp\/v2\/comments?post=635"}],"version-history":[{"count":10,"href":"https:\/\/wsa.ch\/de\/wp-json\/wp\/v2\/pages\/635\/revisions"}],"predecessor-version":[{"id":28644,"href":"https:\/\/wsa.ch\/de\/wp-json\/wp\/v2\/pages\/635\/revisions\/28644"}],"up":[{"embeddable":true,"href":"https:\/\/wsa.ch\/de\/wp-json\/wp\/v2\/pages\/11629"}],"wp:featuredmedia":[{"embeddable":true,"href":"https:\/\/wsa.ch\/de\/wp-json\/wp\/v2\/media\/24306"}],"wp:attachment":[{"href":"https:\/\/wsa.ch\/de\/wp-json\/wp\/v2\/media?parent=635"}],"curies":[{"name":"wp","href":"https:\/\/api.w.org\/{rel}","templated":true}]}}