{"id":652,"date":"2020-09-09T18:42:15","date_gmt":"2020-09-09T18:42:15","guid":{"rendered":"http:\/\/wsa.d-z-e-n.com\/?page_id=652"},"modified":"2021-07-01T12:39:35","modified_gmt":"2021-07-01T12:39:35","slug":"steelcase","status":"publish","type":"page","link":"https:\/\/wsa.ch\/de\/unternehmen\/steelcase","title":{"rendered":"Steelcase"},"content":{"rendered":"<p>\u00abWir schaffen Raum f\u00fcr Ihren Erfolg!\u00bb Steelcase misst sich am eigenen Werbeslogan und investiert viel in die Erforschung des Menschen bei der Arbeit und in die Entwicklung von Produkten.&nbsp;Seit 100 Jahren unterst\u00fctzt Steelcase weltweit f\u00fchrende Organisationen mit fundiertem Wissen und seinem&nbsp;bedeutenden Erfahrungsschatz \u2013 und zwar \u00fcberall dort, wo Arbeit stattfindet. Steelcase versteht, wie Menschen&nbsp;arbeiten und wie intelligent gestaltete R\u00e4ume Menschen dabei unterst\u00fctzen, produktiver, engagierter und&nbsp;inspirierter zu sein.<\/p>\n<p>Neben Planungsgrunds\u00e4tzen, Raumformen und Ergonomie wurden Logistik und \u00d6kologie zu immer wichtigeren&nbsp;Themen. Heute&nbsp;entwickelt Steelcase Produkte, die beim Transport noch einen Drittel des Volumens gegen\u00fcber&nbsp;fr\u00fcher ben\u00f6tigen, bis zu 99 % rezyklierbar sind und mit einem \u00f6kologisch herausragenden Produktelebenslauf&nbsp;gl\u00e4nzen k\u00f6nnen.<\/p>\n<p>WSA und letztlich Sie als Kunde k\u00f6nnen vom riesigen Engagement nur profitieren: in Form von neuem Wissen und&nbsp;durch die Garantie, stets \u00fcber die besten und innovativsten Produkte zu verf\u00fcgen.<\/p>\n","protected":false},"excerpt":{"rendered":"<p>\u00abWir schaffen Raum f\u00fcr Ihren Erfolg!\u00bb Steelcase misst sich am eigenen Werbeslogan und investiert viel in die Erforschung des Menschen bei der Arbeit und in die Entwicklung von Produkten.&nbsp;Seit 100 Jahren unterst\u00fctzt Steelcase weltweit f\u00fchrende Organisationen mit fundiertem Wissen und seinem&nbsp;bedeutenden Erfahrungsschatz \u2013 und zwar \u00fcberall dort, wo Arbeit stattfindet. Steelcase versteht, wie Menschen&nbsp;arbeiten und [&hellip;]<\/p>\n","protected":false},"author":1,"featured_media":0,"parent":46,"menu_order":0,"comment_status":"closed","ping_status":"closed","template":"","meta":{"inline_featured_image":false,"footnotes":""},"class_list":["post-652","page","type-page","status-publish","hentry"],"yoast_head":"<!-- This site is optimized with the Yoast SEO plugin v15.5 - https:\/\/yoast.com\/wordpress\/plugins\/seo\/ -->\n<title>Steelcase | Ein Weltweiter Partner | Mehr erfahren auf WSA<\/title>\n<meta name=\"description\" content=\"\u00abWir schaffen Raum f\u00fcr Ihren Erfolg!\u00bb Steelcase misst sich am eigenen Werbeslogan. WSA - Ihr Spezialist f\u00fcr B\u00fcroplanung \u2013 Jetzt mehr erfahren.\" \/>\n<meta name=\"robots\" content=\"index, follow, max-snippet:-1, max-image-preview:large, max-video-preview:-1\" \/>\n<link rel=\"canonical\" href=\"https:\/\/wsa.ch\/de\/unternehmen\/steelcase\" \/>\n<meta property=\"og:locale\" content=\"de_DE\" \/>\n<meta property=\"og:type\" content=\"article\" \/>\n<meta property=\"og:title\" content=\"Steelcase | Ein Weltweiter Partner | Mehr erfahren auf WSA\" \/>\n<meta property=\"og:description\" content=\"\u00abWir schaffen Raum f\u00fcr Ihren Erfolg!\u00bb Steelcase misst sich am eigenen Werbeslogan. WSA - Ihr Spezialist f\u00fcr B\u00fcroplanung \u2013 Jetzt mehr erfahren.\" \/>\n<meta property=\"og:url\" content=\"https:\/\/wsa.ch\/de\/unternehmen\/steelcase\" \/>\n<meta property=\"og:site_name\" content=\"WSA\" \/>\n<meta property=\"article:modified_time\" content=\"2021-07-01T12:39:35+00:00\" \/>\n<meta property=\"og:image\" content=\"https:\/\/wsa.ch\/de\/wp-content\/uploads\/2021\/01\/logo.png\" \/>\n\t<meta property=\"og:image:width\" content=\"1200\" \/>\n\t<meta property=\"og:image:height\" content=\"630\" \/>\n<meta name=\"twitter:card\" content=\"summary_large_image\" \/>\n<meta name=\"twitter:label1\" content=\"Gesch\u00e4tzte Lesezeit\">\n\t<meta name=\"twitter:data1\" content=\"1\u00a0Minute\">\n<script type=\"application\/ld+json\" class=\"yoast-schema-graph\">{\"@context\":\"https:\/\/schema.org\",\"@graph\":[{\"@type\":\"WebSite\",\"@id\":\"https:\/\/wsa.ch\/de\/#website\",\"url\":\"https:\/\/wsa.ch\/de\/\",\"name\":\"WSA\",\"description\":\"WSA is a leading supplier of modern office and communications environments\",\"potentialAction\":[{\"@type\":\"SearchAction\",\"target\":\"https:\/\/wsa.ch\/de\/?s={search_term_string}\",\"query-input\":\"required name=search_term_string\"}],\"inLanguage\":\"de\"},{\"@type\":\"WebPage\",\"@id\":\"https:\/\/wsa.ch\/de\/unternehmen\/steelcase#webpage\",\"url\":\"https:\/\/wsa.ch\/de\/unternehmen\/steelcase\",\"name\":\"Steelcase | Ein Weltweiter Partner | Mehr erfahren auf WSA\",\"isPartOf\":{\"@id\":\"https:\/\/wsa.ch\/de\/#website\"},\"datePublished\":\"2020-09-09T18:42:15+00:00\",\"dateModified\":\"2021-07-01T12:39:35+00:00\",\"description\":\"\\u00abWir schaffen Raum f\\u00fcr Ihren Erfolg!\\u00bb Steelcase misst sich am eigenen Werbeslogan. WSA - Ihr Spezialist f\\u00fcr B\\u00fcroplanung \\u2013 Jetzt mehr erfahren.\",\"inLanguage\":\"de\",\"potentialAction\":[{\"@type\":\"ReadAction\",\"target\":[\"https:\/\/wsa.ch\/de\/unternehmen\/steelcase\"]}]}]}<\/script>\n<!-- \/ Yoast SEO plugin. -->","_links":{"self":[{"href":"https:\/\/wsa.ch\/de\/wp-json\/wp\/v2\/pages\/652"}],"collection":[{"href":"https:\/\/wsa.ch\/de\/wp-json\/wp\/v2\/pages"}],"about":[{"href":"https:\/\/wsa.ch\/de\/wp-json\/wp\/v2\/types\/page"}],"author":[{"embeddable":true,"href":"https:\/\/wsa.ch\/de\/wp-json\/wp\/v2\/users\/1"}],"replies":[{"embeddable":true,"href":"https:\/\/wsa.ch\/de\/wp-json\/wp\/v2\/comments?post=652"}],"version-history":[{"count":10,"href":"https:\/\/wsa.ch\/de\/wp-json\/wp\/v2\/pages\/652\/revisions"}],"predecessor-version":[{"id":16315,"href":"https:\/\/wsa.ch\/de\/wp-json\/wp\/v2\/pages\/652\/revisions\/16315"}],"up":[{"embeddable":true,"href":"https:\/\/wsa.ch\/de\/wp-json\/wp\/v2\/pages\/46"}],"wp:attachment":[{"href":"https:\/\/wsa.ch\/de\/wp-json\/wp\/v2\/media?parent=652"}],"curies":[{"name":"wp","href":"https:\/\/api.w.org\/{rel}","templated":true}]}}