{"id":22716,"date":"2024-01-04T14:36:56","date_gmt":"2024-01-04T14:36:56","guid":{"rendered":"https:\/\/wsa.ch\/de\/?post_type=product&#038;p=22716"},"modified":"2025-08-15T12:19:03","modified_gmt":"2025-08-15T12:19:03","slug":"steelcase-buerostuhl-karman","status":"publish","type":"product","link":"https:\/\/wsa.ch\/de\/shop\/steelcase-buerostuhl-karman","title":{"rendered":"Steelcase B\u00fcrostuhl Karman"},"content":{"rendered":"<p><strong>Karman &#8211; mit 4D Armlehnen<\/strong><\/p>\n<table style=\"border-collapse: collapse;width: 100%;height: 119px\">\n<tbody>\n<tr style=\"height: 20px\">\n<td style=\"width: 50%;height: 20px\">Bezug:<\/td>\n<td style=\"width: 50%;height: 20px\">Black KR08<\/td>\n<\/tr>\n<tr style=\"height: 20px\">\n<td style=\"width: 50%;height: 20px\">R\u00fcckenlehne:<\/td>\n<td style=\"width: 50%;height: 20px\">Schwarz<\/td>\n<\/tr>\n<tr style=\"height: 20px\">\n<td style=\"width: 50%;height: 22px\">Sitzfl\u00e4che:<\/td>\n<td style=\"width: 50%;height: 22px\">Schwarz<\/td>\n<\/tr>\n<tr style=\"height: 20px\">\n<td style=\"width: 50%;height: 24px\">Armlehnen:<\/td>\n<td style=\"width: 50%;height: 24px\">4D Armlehnen (h\u00f6hen-, breiten-, winkel- und tiefenverstellbar)<\/td>\n<\/tr>\n<tr style=\"height: 20px\">\n<td style=\"width: 50%;height: 10px\">Rollen:<\/td>\n<td style=\"width: 50%;height: 10px\">Harte oder weiche Rollen f\u00fcr Hart-oder Teppichboden<\/td>\n<\/tr>\n<tr style=\"height: 23px\">\n<td style=\"width: 50%;height: 23px\">Artikelnummer:<\/td>\n<td style=\"width: 50%;height: 23px\">LAG S0121<\/td>\n<\/tr>\n<\/tbody>\n<\/table>\n<ul>\n<li><strong>Der patentierte Hybrid-Sitz<\/strong><br \/>\nBietet maximalen Komfort \u2013 ohne nachzugeben oder zu versteifen \u2013 dank der einzigartigen Kombination aus Intermix PerformanceStoff, Komfortkante und integrierter Polsterung.<\/li>\n<li><strong>LiveBack-Technologie\u2122<\/strong><br \/>\nIn Verbindung mit dem Intermix-Stoff verleiht sie dem Stuhl eine flexible Stabilit\u00e4t, indem sie auf die nat\u00fcrlichen Bewegungen der Wirbels\u00e4ule reagiert und den unteren Bereich des R\u00fcckens zuverl\u00e4ssig st\u00fctzt.<\/li>\n<li><strong>Gewichtsaktivierte Mechanik<\/strong><br \/>\nReagiert automatisch auf K\u00f6rpergewicht und -bewegung und erlaubt es, den Stuhl zu kippen, w\u00e4hrend gleichzeitig die horizontale Blickrichtung und der Kontakt mit Bildschirm und Tastatur aufrechterhalten wird.<\/li>\n<li><strong>Umlaufende Komfortkanten f\u00fcr Sitz und R\u00fcckenlehne<\/strong><br \/>\nDie ultraleichten, biegsamen Komfortkanten beugen schmerzhaften Druckstellen an den Knien und rund um die Sitzfl\u00e4che bzw. die R\u00fcckenlehne vor \u2013 egal in welcher Sitzposition.<\/li>\n<\/ul>\n","protected":false},"excerpt":{"rendered":"<p>Karman &#8211; mit 4D Armlehnen Bezug: Black KR08 R\u00fcckenlehne: Schwarz Sitzfl\u00e4che: Schwarz Armlehnen: 4D Armlehnen (h\u00f6hen-, breiten-, winkel- und tiefenverstellbar) Rollen: Harte oder weiche Rollen f\u00fcr Hart-oder Teppichboden Artikelnummer: LAG S0121 Der patentierte Hybrid-Sitz Bietet maximalen Komfort \u2013 ohne nachzugeben oder zu versteifen \u2013 dank der einzigartigen Kombination aus Intermix PerformanceStoff, Komfortkante und integrierter Polsterung. [&hellip;]<\/p>\n","protected":false},"featured_media":22720,"template":"","meta":{"inline_featured_image":false,"footnotes":""},"class_list":["post-22716","product","type-product","status-publish","has-post-thumbnail","hentry","product_cat-uncategorized","product_cat-buerostuehle","product_shipping_class-medium-weight"],"yoast_head":"<!-- This site is optimized with the Yoast SEO plugin v15.5 - https:\/\/yoast.com\/wordpress\/plugins\/seo\/ -->\n<title>Steelcase B\u00fcrostuhl Karman | WSA Shop<\/title>\n<meta name=\"description\" content=\"WSA Shop - Ihr Spezialist f\u00fcr B\u00fcroeinrichtung. Steelcase B\u00fcrostuhl Karman - jetzt bestellen.\" \/>\n<meta name=\"robots\" content=\"index, follow, max-snippet:-1, max-image-preview:large, max-video-preview:-1\" \/>\n<link rel=\"canonical\" href=\"https:\/\/wsa.ch\/de\/shop\/steelcase-buerostuhl-karman\" \/>\n<meta property=\"og:locale\" content=\"de_DE\" \/>\n<meta property=\"og:type\" content=\"article\" \/>\n<meta property=\"og:title\" content=\"Steelcase B\u00fcrostuhl Karman | WSA Shop\" \/>\n<meta property=\"og:description\" content=\"WSA Shop - Ihr Spezialist f\u00fcr B\u00fcroeinrichtung. Steelcase B\u00fcrostuhl Karman - jetzt bestellen.\" \/>\n<meta property=\"og:url\" content=\"https:\/\/wsa.ch\/de\/shop\/steelcase-buerostuhl-karman\" \/>\n<meta property=\"og:site_name\" content=\"WSA\" \/>\n<meta property=\"article:modified_time\" content=\"2025-08-15T12:19:03+00:00\" \/>\n<meta property=\"og:image\" content=\"https:\/\/wsa.ch\/de\/wp-content\/uploads\/2024\/01\/Karman_links.png\" \/>\n\t<meta property=\"og:image:width\" content=\"1024\" \/>\n\t<meta property=\"og:image:height\" content=\"819\" \/>\n<meta name=\"twitter:card\" content=\"summary_large_image\" \/>\n<meta name=\"twitter:label1\" content=\"Gesch\u00e4tzte Lesezeit\">\n\t<meta name=\"twitter:data1\" content=\"1\u00a0Minute\">\n<script type=\"application\/ld+json\" class=\"yoast-schema-graph\">{\"@context\":\"https:\/\/schema.org\",\"@graph\":[{\"@type\":\"WebSite\",\"@id\":\"https:\/\/wsa.ch\/de\/#website\",\"url\":\"https:\/\/wsa.ch\/de\/\",\"name\":\"WSA\",\"description\":\"WSA is a leading supplier of modern office and communications environments\",\"potentialAction\":[{\"@type\":\"SearchAction\",\"target\":\"https:\/\/wsa.ch\/de\/?s={search_term_string}\",\"query-input\":\"required name=search_term_string\"}],\"inLanguage\":\"de\"},{\"@type\":\"ImageObject\",\"@id\":\"https:\/\/wsa.ch\/de\/shop\/steelcase-buerostuhl-karman#primaryimage\",\"inLanguage\":\"de\",\"url\":\"https:\/\/wsa.ch\/de\/wp-content\/uploads\/2024\/01\/Karman_links.png\",\"width\":1024,\"height\":819},{\"@type\":\"WebPage\",\"@id\":\"https:\/\/wsa.ch\/de\/shop\/steelcase-buerostuhl-karman#webpage\",\"url\":\"https:\/\/wsa.ch\/de\/shop\/steelcase-buerostuhl-karman\",\"name\":\"Steelcase B\\u00fcrostuhl Karman | WSA Shop\",\"isPartOf\":{\"@id\":\"https:\/\/wsa.ch\/de\/#website\"},\"primaryImageOfPage\":{\"@id\":\"https:\/\/wsa.ch\/de\/shop\/steelcase-buerostuhl-karman#primaryimage\"},\"datePublished\":\"2024-01-04T14:36:56+00:00\",\"dateModified\":\"2025-08-15T12:19:03+00:00\",\"description\":\"WSA Shop - Ihr Spezialist f\\u00fcr B\\u00fcroeinrichtung. Steelcase B\\u00fcrostuhl Karman - jetzt bestellen.\",\"inLanguage\":\"de\",\"potentialAction\":[{\"@type\":\"ReadAction\",\"target\":[\"https:\/\/wsa.ch\/de\/shop\/steelcase-buerostuhl-karman\"]}]}]}<\/script>\n<!-- \/ Yoast SEO plugin. -->","_links":{"self":[{"href":"https:\/\/wsa.ch\/de\/wp-json\/wp\/v2\/product\/22716"}],"collection":[{"href":"https:\/\/wsa.ch\/de\/wp-json\/wp\/v2\/product"}],"about":[{"href":"https:\/\/wsa.ch\/de\/wp-json\/wp\/v2\/types\/product"}],"version-history":[{"count":5,"href":"https:\/\/wsa.ch\/de\/wp-json\/wp\/v2\/product\/22716\/revisions"}],"predecessor-version":[{"id":23516,"href":"https:\/\/wsa.ch\/de\/wp-json\/wp\/v2\/product\/22716\/revisions\/23516"}],"wp:featuredmedia":[{"embeddable":true,"href":"https:\/\/wsa.ch\/de\/wp-json\/wp\/v2\/media\/22720"}],"wp:attachment":[{"href":"https:\/\/wsa.ch\/de\/wp-json\/wp\/v2\/media?parent=22716"}],"curies":[{"name":"wp","href":"https:\/\/api.w.org\/{rel}","templated":true}]}}