{"id":5679,"date":"2020-09-29T13:21:52","date_gmt":"2020-09-29T13:21:52","guid":{"rendered":"http:\/\/wsa.d-z-e-n.com\/product\/flos-leuchte-kelvin-led\/"},"modified":"2023-09-27T15:06:47","modified_gmt":"2023-09-27T15:06:47","slug":"officebricks-cosy","status":"publish","type":"product","link":"https:\/\/wsa.ch\/de\/shop\/officebricks-cosy","title":{"rendered":"Officebricks Cosy Unit"},"content":{"rendered":"<p><strong>Cosy Unit Office Box<\/strong><\/p>\n<p>Das preiswerte Einstiegsmodell f\u00fcr ungest\u00f6rtes Telefonieren sowie entspanntes Arbeiten. Die ausgekl\u00fcgelte Konstruktion fokussiert sich auf das Wesentliche, legt jedoch Wert auf eine optimale Akustik. Mit den Absorbern an den Au\u00dfenfl\u00e4chen wird die Raumakustik im B\u00fcrobereich zus\u00e4tzlich optimiert.<br \/>\nDie Cosy Unit Office Box wird immer geliefert und montiert.<\/p>\n<ul>\n<li>Platzsparende Telefonzelle\u00a0zum ungest\u00f6rten Telefonieren f\u00fcr eine Person<\/li>\n<li>Attraktiv in Design, Funktionalit\u00e4t und Preis<\/li>\n<li>Gro\u00dfz\u00fcgiges Ablageboard mit integrierter Steckdose und USB-Anschluss<\/li>\n<li>Helle, freundliche Raumatmosph\u00e4re mit hohem Wohlf\u00fchlfaktor<\/li>\n<li>Angenehme und nat\u00fcrliche Raumakustik mit guter akustischer Abschirmung in beide Richtungen durch spezielle Akustik-Absorber (innen &amp; au\u00dfen)<\/li>\n<\/ul>\n<table style=\"border-collapse: collapse;width: 100%;height: 360px\">\n<tbody>\n<tr style=\"height: 24px\">\n<td style=\"width: 50%;height: 24px\">Aussenmass:<\/td>\n<td style=\"width: 50%;height: 24px\">103 cm x 103 cm x 232 cm (BxTxH)<\/td>\n<\/tr>\n<tr style=\"height: 24px\">\n<td style=\"width: 50%;height: 24px\">Innenmass:<\/td>\n<td style=\"width: 50%;height: 24px\">90 cm x 94 cm x 208 cm (BxTxH)<\/td>\n<\/tr>\n<tr style=\"height: 24px\">\n<td style=\"width: 50%;height: 24px\">Gewicht:<\/td>\n<td style=\"width: 50%;height: 24px\">250 Kg<\/td>\n<\/tr>\n<tr style=\"height: 24px\">\n<td style=\"width: 50%;height: 24px\">Aussen, Seitenw\u00e4nde vollfl\u00e4chig mit Absorbern versehen:<\/td>\n<td style=\"width: 50%;height: 24px\">Farbe Silver Grey,<\/td>\n<\/tr>\n<tr style=\"height: 24px\">\n<td style=\"width: 50%;height: 24px\">Aussen, Front &amp; R\u00fcckwand aus Spanplatten:<\/td>\n<td style=\"width: 50%;height: 24px\">Farbe Weiss mit Kante in Eiche Dekor<\/td>\n<\/tr>\n<tr style=\"height: 24px\">\n<td style=\"width: 50%;height: 24px\">Innen, Vollfl\u00e4chig mit Absorbern versehen:<\/td>\n<td style=\"width: 50%;height: 24px\">Farbe Silver Grey<\/td>\n<\/tr>\n<tr style=\"height: 24px\">\n<td style=\"width: 50%;height: 24px\">Ganzglast\u00fcr:<\/td>\n<td style=\"width: 50%;height: 24px\">Verbundsicherheitsglas mit Schalld\u00e4mmung<\/td>\n<\/tr>\n<tr style=\"height: 24px\">\n<td style=\"width: 50%;height: 24px\">Tisch:<\/td>\n<td style=\"width: 50%;height: 24px\">Eiche Dekor, ca. 30 cm tief und 93 cm breit<\/td>\n<\/tr>\n<tr style=\"height: 48px\">\n<td style=\"width: 50%;height: 48px\">Stromanschluss:<\/td>\n<td style=\"width: 50%;height: 48px\">Anschlussm\u00f6glichkeit Boden, Stromanschlusskabel f\u00fcr DE &amp; CH verf\u00fcgbar<br \/>\n(L\u00e4nge: 2,30 m)<\/td>\n<\/tr>\n<tr style=\"height: 24px\">\n<td style=\"width: 50%;height: 24px\">Anschl\u00fcsse innen:<\/td>\n<td style=\"width: 50%;height: 24px\">1 x USB A, 1 x USB C und 1 x Steckdose (im Tisch integriert)<\/td>\n<\/tr>\n<tr style=\"height: 24px\">\n<td style=\"width: 50%;height: 24px\">Bel\u00fcftung:<\/td>\n<td style=\"width: 50%;height: 24px\">L\u00fcftersystem (Steuerung durch Bewegungsmelder)<\/td>\n<\/tr>\n<tr style=\"height: 24px\">\n<td style=\"width: 50%;height: 24px\">Teppich:<\/td>\n<td style=\"width: 50%;height: 24px\">Anthrazit<\/td>\n<\/tr>\n<tr style=\"height: 24px\">\n<td style=\"width: 50%;height: 24px\">Beleuchtung:<\/td>\n<td style=\"width: 50%;height: 24px\">LED-Beleuchtung (Steuerung durch Bewegungsmelder)<\/td>\n<\/tr>\n<tr style=\"height: 24px\">\n<td style=\"width: 50%;height: 24px\">WLAN-\/Mobilfunkempfang:<\/td>\n<td style=\"width: 50%;height: 24px\">Die Kabine ist signaldurchl\u00e4ssig<\/td>\n<\/tr>\n<\/tbody>\n<\/table>\n<p>&nbsp;<\/p>\n","protected":false},"excerpt":{"rendered":"<p>Cosy Unit Office Box Das preiswerte Einstiegsmodell f\u00fcr ungest\u00f6rtes Telefonieren sowie entspanntes Arbeiten. Die ausgekl\u00fcgelte Konstruktion fokussiert sich auf das Wesentliche, legt jedoch Wert auf eine optimale Akustik. Mit den Absorbern an den Au\u00dfenfl\u00e4chen wird die Raumakustik im B\u00fcrobereich zus\u00e4tzlich optimiert. Die Cosy Unit Office Box wird immer geliefert und montiert. Platzsparende Telefonzelle\u00a0zum ungest\u00f6rten Telefonieren [&hellip;]<\/p>\n","protected":false},"featured_media":21742,"template":"","meta":{"inline_featured_image":false,"footnotes":""},"class_list":["post-5679","product","type-product","status-publish","has-post-thumbnail","hentry","product_cat-uncategorized","product_cat-zubehoer"],"yoast_head":"<!-- This site is optimized with the Yoast SEO plugin v15.5 - https:\/\/yoast.com\/wordpress\/plugins\/seo\/ -->\n<title>Officebricks Cosy Unit | WSA Shop<\/title>\n<meta name=\"description\" content=\"WSA Shop - Ihr Spezialist f\u00fcr B\u00fcroeinrichtung. Officebricks Cosy Unit - jetzt bestellen.\" \/>\n<meta name=\"robots\" content=\"index, follow, max-snippet:-1, max-image-preview:large, max-video-preview:-1\" \/>\n<link rel=\"canonical\" href=\"https:\/\/wsa.ch\/de\/shop\/officebricks-cosy\" \/>\n<meta property=\"og:locale\" content=\"de_DE\" \/>\n<meta property=\"og:type\" content=\"article\" \/>\n<meta property=\"og:title\" content=\"Officebricks Cosy Unit | WSA Shop\" \/>\n<meta property=\"og:description\" content=\"WSA Shop - Ihr Spezialist f\u00fcr B\u00fcroeinrichtung. Officebricks Cosy Unit - jetzt bestellen.\" \/>\n<meta property=\"og:url\" content=\"https:\/\/wsa.ch\/de\/shop\/officebricks-cosy\" \/>\n<meta property=\"og:site_name\" content=\"WSA\" \/>\n<meta property=\"article:modified_time\" content=\"2023-09-27T15:06:47+00:00\" \/>\n<meta property=\"og:image\" content=\"https:\/\/wsa.ch\/de\/wp-content\/uploads\/2020\/09\/Cosy-Kabine-Umgebung-02_2023_online-Shop-scaled.jpg\" \/>\n\t<meta property=\"og:image:width\" content=\"2560\" \/>\n\t<meta property=\"og:image:height\" content=\"2560\" \/>\n<meta name=\"twitter:card\" content=\"summary_large_image\" \/>\n<meta name=\"twitter:label1\" content=\"Gesch\u00e4tzte Lesezeit\">\n\t<meta name=\"twitter:data1\" content=\"1\u00a0Minute\">\n<script type=\"application\/ld+json\" class=\"yoast-schema-graph\">{\"@context\":\"https:\/\/schema.org\",\"@graph\":[{\"@type\":\"WebSite\",\"@id\":\"https:\/\/wsa.ch\/de\/#website\",\"url\":\"https:\/\/wsa.ch\/de\/\",\"name\":\"WSA\",\"description\":\"WSA is a leading supplier of modern office and communications environments\",\"potentialAction\":[{\"@type\":\"SearchAction\",\"target\":\"https:\/\/wsa.ch\/de\/?s={search_term_string}\",\"query-input\":\"required name=search_term_string\"}],\"inLanguage\":\"de\"},{\"@type\":\"ImageObject\",\"@id\":\"https:\/\/wsa.ch\/de\/shop\/officebricks-cosy#primaryimage\",\"inLanguage\":\"de\",\"url\":\"https:\/\/wsa.ch\/de\/wp-content\/uploads\/2020\/09\/Cosy-Kabine-Umgebung-02_2023_online-Shop-scaled.jpg\",\"width\":2560,\"height\":2560,\"caption\":\"Cosy Kabine Umgebung 02_2023_online Shop\"},{\"@type\":\"WebPage\",\"@id\":\"https:\/\/wsa.ch\/de\/shop\/officebricks-cosy#webpage\",\"url\":\"https:\/\/wsa.ch\/de\/shop\/officebricks-cosy\",\"name\":\"Officebricks Cosy Unit | WSA Shop\",\"isPartOf\":{\"@id\":\"https:\/\/wsa.ch\/de\/#website\"},\"primaryImageOfPage\":{\"@id\":\"https:\/\/wsa.ch\/de\/shop\/officebricks-cosy#primaryimage\"},\"datePublished\":\"2020-09-29T13:21:52+00:00\",\"dateModified\":\"2023-09-27T15:06:47+00:00\",\"description\":\"WSA Shop - Ihr Spezialist f\\u00fcr B\\u00fcroeinrichtung. Officebricks Cosy Unit - jetzt bestellen.\",\"inLanguage\":\"de\",\"potentialAction\":[{\"@type\":\"ReadAction\",\"target\":[\"https:\/\/wsa.ch\/de\/shop\/officebricks-cosy\"]}]}]}<\/script>\n<!-- \/ Yoast SEO plugin. -->","_links":{"self":[{"href":"https:\/\/wsa.ch\/de\/wp-json\/wp\/v2\/product\/5679"}],"collection":[{"href":"https:\/\/wsa.ch\/de\/wp-json\/wp\/v2\/product"}],"about":[{"href":"https:\/\/wsa.ch\/de\/wp-json\/wp\/v2\/types\/product"}],"version-history":[{"count":6,"href":"https:\/\/wsa.ch\/de\/wp-json\/wp\/v2\/product\/5679\/revisions"}],"predecessor-version":[{"id":22051,"href":"https:\/\/wsa.ch\/de\/wp-json\/wp\/v2\/product\/5679\/revisions\/22051"}],"wp:featuredmedia":[{"embeddable":true,"href":"https:\/\/wsa.ch\/de\/wp-json\/wp\/v2\/media\/21742"}],"wp:attachment":[{"href":"https:\/\/wsa.ch\/de\/wp-json\/wp\/v2\/media?parent=5679"}],"curies":[{"name":"wp","href":"https:\/\/api.w.org\/{rel}","templated":true}]}}