{"id":48,"date":"2020-08-18T16:09:20","date_gmt":"2020-08-18T16:09:20","guid":{"rendered":"http:\/\/wsa.d-z-e-n.com\/fr\/?page_id=48"},"modified":"2022-03-18T13:34:11","modified_gmt":"2022-03-18T13:34:11","slug":"contact","status":"publish","type":"page","link":"https:\/\/wsa.ch\/fr\/entreprise\/contact","title":{"rendered":"Contact"},"content":{"rendered":"<div role=\"form\" class=\"wpcf7\" id=\"wpcf7-f720-o1\" lang=\"en-US\" dir=\"ltr\">\n<div class=\"screen-reader-response\"><p role=\"status\" aria-live=\"polite\" aria-atomic=\"true\"><\/p> <ul><\/ul><\/div>\n<form action=\"\/fr\/wp-json\/wp\/v2\/pages\/48#wpcf7-f720-o1\" method=\"post\" class=\"wpcf7-form init wpcf7-acceptance-as-validation\" novalidate=\"novalidate\" data-status=\"init\">\n<div style=\"display: none;\">\n<input type=\"hidden\" name=\"_wpcf7\" value=\"720\" \/>\n<input type=\"hidden\" name=\"_wpcf7_version\" value=\"5.3.1\" \/>\n<input type=\"hidden\" name=\"_wpcf7_locale\" value=\"en_US\" \/>\n<input type=\"hidden\" name=\"_wpcf7_unit_tag\" value=\"wpcf7-f720-o1\" \/>\n<input type=\"hidden\" name=\"_wpcf7_container_post\" value=\"0\" \/>\n<input type=\"hidden\" name=\"_wpcf7_posted_data_hash\" value=\"\" \/>\n<input type=\"hidden\" name=\"_wpcf7cf_hidden_group_fields\" value=\"[]\" \/>\n<input type=\"hidden\" name=\"_wpcf7cf_hidden_groups\" value=\"[]\" \/>\n<input type=\"hidden\" name=\"_wpcf7cf_visible_groups\" value=\"[]\" \/>\n<input type=\"hidden\" name=\"_wpcf7cf_repeaters\" value=\"[]\" \/>\n<input type=\"hidden\" name=\"_wpcf7cf_steps\" value=\"{}\" \/>\n<input type=\"hidden\" name=\"_wpcf7cf_options\" value=\"{&quot;form_id&quot;:720,&quot;conditions&quot;:[],&quot;settings&quot;:{&quot;animation&quot;:&quot;yes&quot;,&quot;animation_intime&quot;:200,&quot;animation_outtime&quot;:200,&quot;conditions_ui&quot;:&quot;normal&quot;,&quot;notice_dismissed&quot;:false}}\" \/>\n<\/div>\n<div class=\"cf__wrapper\">\n<div class=\"wpcf7-response-output\" aria-hidden=\"true\"><\/div><br \/>\n<h5 class=\"cf__title mb-15\">DONN\u00c9ES PERSONNELLES <small>(* Informations requises)<\/small><\/h5>\n<p class=\"cf__double-col\">\n  <span class=\"wpcf7-form-control-wrap company\"><input type=\"text\" name=\"company\" value=\"\" size=\"40\" class=\"wpcf7-form-control wpcf7-text wpcf7-validates-as-required\" aria-required=\"true\" aria-invalid=\"false\" placeholder=\"SOCI\u00c9T\u00c9*\" \/><\/span><span class=\"wpcf7-form-control-wrap gender\"><select name=\"gender\" class=\"wpcf7-form-control wpcf7-select wpcf7-validates-as-required\" aria-required=\"true\" aria-invalid=\"false\"><option value=\"\">GENRE*<\/option><option value=\"M\">M<\/option><option value=\"MME\">MME<\/option><\/select><\/span>\n<\/p>\n<p class=\"cf__double-col\">\n  <span class=\"wpcf7-form-control-wrap first-name\"><input type=\"text\" name=\"first-name\" value=\"\" size=\"40\" class=\"wpcf7-form-control wpcf7-text wpcf7-validates-as-required\" aria-required=\"true\" aria-invalid=\"false\" placeholder=\"PR\u00c9NOM*\" \/><\/span> <span class=\"wpcf7-form-control-wrap last-name\"><input type=\"text\" name=\"last-name\" value=\"\" size=\"40\" class=\"wpcf7-form-control wpcf7-text wpcf7-validates-as-required\" aria-required=\"true\" aria-invalid=\"false\" placeholder=\"NOM*\" \/><\/span>\n<\/p>\n<p class=\"cf__double-col\">\n  <span class=\"wpcf7-form-control-wrap address\"><input type=\"text\" name=\"address\" value=\"\" size=\"40\" class=\"wpcf7-form-control wpcf7-text wpcf7-validates-as-required\" aria-required=\"true\" aria-invalid=\"false\" placeholder=\"ADRESSE*\" \/><\/span> <span class=\"wpcf7-form-control-wrap postcode-city\"><input type=\"text\" name=\"postcode-city\" value=\"\" size=\"40\" class=\"wpcf7-form-control wpcf7-text wpcf7-validates-as-required\" aria-required=\"true\" aria-invalid=\"false\" placeholder=\"NPA\/LIEU*\" \/><\/span>\n<\/p>\n<p class=\"cf__double-col mb-45\">\n  <span class=\"wpcf7-form-control-wrap sender-email\"><input type=\"email\" name=\"sender-email\" value=\"\" size=\"40\" class=\"wpcf7-form-control wpcf7-text wpcf7-email wpcf7-validates-as-required wpcf7-validates-as-email\" aria-required=\"true\" aria-invalid=\"false\" placeholder=\"E-MAIL*\" \/><\/span> <span class=\"wpcf7-form-control-wrap phone-number\"><input type=\"tel\" name=\"phone-number\" value=\"\" size=\"40\" class=\"wpcf7-form-control wpcf7-text wpcf7-tel wpcf7-validates-as-required wpcf7-validates-as-tel\" aria-required=\"true\" aria-invalid=\"false\" placeholder=\"T\u00c9L\u00c9PHONE*\" \/><\/span>\n<\/p>\n<h5 class=\"cf__title mb-15\">\n  VOTRE MESSAGE<br \/>\n<\/h5>\n<p class=\"cf__one-col\">\n  <span class=\"wpcf7-form-control-wrap subject\"><input type=\"text\" name=\"subject\" value=\"\" size=\"40\" class=\"wpcf7-form-control wpcf7-text wpcf7-validates-as-required\" id=\"cf-subject\" aria-required=\"true\" aria-invalid=\"false\" placeholder=\"SUJECT*\" \/><\/span>\n<\/p>\n<p class=\"cf__one-col mb-30\">\n  <span class=\"wpcf7-form-control-wrap message\"><textarea name=\"message\" cols=\"40\" rows=\"10\" class=\"wpcf7-form-control wpcf7-textarea wpcf7-validates-as-required\" id=\"cf-message\" aria-required=\"true\" aria-invalid=\"false\" placeholder=\"MESSAGE*\"><\/textarea><\/span>\n<\/p>\n<h5 class=\"cf__title\">COMMENT AVEZ-VOUS ENTENDU PARLER DE NOUS?<\/h5>\n<p class=\"cf__one-col mb-30\">\n  <span class=\"wpcf7-form-control-wrap found-in\"><span class=\"wpcf7-form-control wpcf7-checkbox\"><span class=\"wpcf7-list-item first\"><label><input type=\"checkbox\" name=\"found-in[]\" value=\"En ligne\" \/><span class=\"wpcf7-list-item-label\">En ligne<\/span><\/label><\/span><span class=\"wpcf7-list-item\"><label><input type=\"checkbox\" name=\"found-in[]\" value=\"M\u00e9dias imprim\u00e9s\" \/><span class=\"wpcf7-list-item-label\">M\u00e9dias imprim\u00e9s<\/span><\/label><\/span><span class=\"wpcf7-list-item last\"><label><input type=\"checkbox\" name=\"found-in[]\" value=\"Recommandation\" \/><span class=\"wpcf7-list-item-label\">Recommandation<\/span><\/label><\/span><\/span><\/span>\n<\/p>\n<p class=\"cf__one-col mb-30\">\n  <span id=\"wpcf7-69e9dd9b662a2-wrapper\" class=\"wpcf7-form-control-wrap your-note-wrap\" ><input type=\"hidden\" name=\"your-note-time-start\" value=\"1776934299\"><input type=\"hidden\" name=\"your-note-time-check\" value=\"4\"><label for=\"yourNote\" class=\"hp-message\">Your note<\/label><input id=\"yourNote\"  placeholder=\"Your note\"  class=\"wpcf7-form-control wpcf7-text\" type=\"text\" name=\"your-note\" value=\"\" size=\"40\" tabindex=\"-1\" autocomplete=\"new-password\" \/><\/span><span class=\"wpcf7-form-control-wrap acceptance-terms-and-conditions\"><span class=\"wpcf7-form-control wpcf7-acceptance\"><span class=\"wpcf7-list-item\"><label><input type=\"checkbox\" name=\"acceptance-terms-and-conditions\" value=\"1\" aria-invalid=\"false\" class=\"acceptance\" \/><span class=\"wpcf7-list-item-label\">J\u2019ai accept\u00e9 les <a href=\"https:\/\/wsa.ch\/fr\/cg\" target=\"_blank\">CG<\/a> et les <a href=\"https:\/\/wsa.ch\/fr\/declaration-de-protection-des-donnees\" target=\"_blank\">d\u00e9claration de protection des donn\u00e9es<\/a> et je les accepte.<\/span><\/label><\/span><\/span><\/span>\n<\/p>\n<p class=\"cf__double-col\">\n  <span class=\"wpcf7-form-control-wrap\"><button id='submit' class='wpcf7-form-control wpcf7-submit button button--arrowed'>ENVOYER LE MESSAGE<\/button><\/span>\n<\/p>\n<\/div>\n<\/form><\/div>\n","protected":false},"excerpt":{"rendered":"","protected":false},"author":1,"featured_media":0,"parent":46,"menu_order":0,"comment_status":"closed","ping_status":"closed","template":"","meta":{"inline_featured_image":false,"footnotes":""},"class_list":["post-48","page","type-page","status-publish","hentry"],"yoast_head":"<!-- This site is optimized with the Yoast SEO plugin v15.5 - https:\/\/yoast.com\/wordpress\/plugins\/seo\/ -->\n<title>Contact | WSA OFFICE PROJECT AG | Contacter maintenant<\/title>\n<meta name=\"description\" content=\"Votre partenaire local pour l&#039;am\u00e9nagement des bureaux, la planification des bureaux et la d\u00e9coration int\u00e9rieure. Contactez-nous maintenant.\" \/>\n<meta name=\"robots\" content=\"index, follow, max-snippet:-1, max-image-preview:large, max-video-preview:-1\" \/>\n<link rel=\"canonical\" href=\"https:\/\/wsa.ch\/fr\/entreprise\/contact\" \/>\n<meta property=\"og:locale\" content=\"fr_FR\" \/>\n<meta property=\"og:type\" content=\"article\" \/>\n<meta property=\"og:title\" content=\"Contact | WSA OFFICE PROJECT AG | Contacter maintenant\" \/>\n<meta property=\"og:description\" content=\"Votre partenaire local pour l&#039;am\u00e9nagement des bureaux, la planification des bureaux et la d\u00e9coration int\u00e9rieure. Contactez-nous maintenant.\" \/>\n<meta property=\"og:url\" content=\"https:\/\/wsa.ch\/fr\/entreprise\/contact\" \/>\n<meta property=\"og:site_name\" content=\"WSA (FR)\" \/>\n<meta property=\"article:modified_time\" content=\"2022-03-18T13:34:11+00:00\" \/>\n<meta name=\"twitter:card\" content=\"summary_large_image\" \/>\n<meta name=\"twitter:label1\" content=\"Dur\u00e9e de lecture est.\">\n\t<meta name=\"twitter:data1\" content=\"0 minute\">\n<script type=\"application\/ld+json\" class=\"yoast-schema-graph\">{\"@context\":\"https:\/\/schema.org\",\"@graph\":[{\"@type\":\"WebSite\",\"@id\":\"https:\/\/wsa.ch\/fr\/#website\",\"url\":\"https:\/\/wsa.ch\/fr\/\",\"name\":\"WSA (FR)\",\"description\":\"WSA is a leading supplier of modern office and communications environments\",\"potentialAction\":[{\"@type\":\"SearchAction\",\"target\":\"https:\/\/wsa.ch\/fr\/?s={search_term_string}\",\"query-input\":\"required name=search_term_string\"}],\"inLanguage\":\"fr-FR\"},{\"@type\":\"WebPage\",\"@id\":\"https:\/\/wsa.ch\/fr\/entreprise\/contact#webpage\",\"url\":\"https:\/\/wsa.ch\/fr\/entreprise\/contact\",\"name\":\"Contact | WSA OFFICE PROJECT AG | Contacter maintenant\",\"isPartOf\":{\"@id\":\"https:\/\/wsa.ch\/fr\/#website\"},\"datePublished\":\"2020-08-18T16:09:20+00:00\",\"dateModified\":\"2022-03-18T13:34:11+00:00\",\"description\":\"Votre partenaire local pour l'am\\u00e9nagement des bureaux, la planification des bureaux et la d\\u00e9coration int\\u00e9rieure. Contactez-nous maintenant.\",\"inLanguage\":\"fr-FR\",\"potentialAction\":[{\"@type\":\"ReadAction\",\"target\":[\"https:\/\/wsa.ch\/fr\/entreprise\/contact\"]}]}]}<\/script>\n<!-- \/ Yoast SEO plugin. -->","_links":{"self":[{"href":"https:\/\/wsa.ch\/fr\/wp-json\/wp\/v2\/pages\/48"}],"collection":[{"href":"https:\/\/wsa.ch\/fr\/wp-json\/wp\/v2\/pages"}],"about":[{"href":"https:\/\/wsa.ch\/fr\/wp-json\/wp\/v2\/types\/page"}],"author":[{"embeddable":true,"href":"https:\/\/wsa.ch\/fr\/wp-json\/wp\/v2\/users\/1"}],"replies":[{"embeddable":true,"href":"https:\/\/wsa.ch\/fr\/wp-json\/wp\/v2\/comments?post=48"}],"version-history":[{"count":10,"href":"https:\/\/wsa.ch\/fr\/wp-json\/wp\/v2\/pages\/48\/revisions"}],"predecessor-version":[{"id":12306,"href":"https:\/\/wsa.ch\/fr\/wp-json\/wp\/v2\/pages\/48\/revisions\/12306"}],"up":[{"embeddable":true,"href":"https:\/\/wsa.ch\/fr\/wp-json\/wp\/v2\/pages\/46"}],"wp:attachment":[{"href":"https:\/\/wsa.ch\/fr\/wp-json\/wp\/v2\/media?parent=48"}],"curies":[{"name":"wp","href":"https:\/\/api.w.org\/{rel}","templated":true}]}}