{"id":21843,"date":"2026-02-27T14:30:07","date_gmt":"2026-02-27T14:30:07","guid":{"rendered":"https:\/\/wsa.ch\/fr\/?post_type=product&#038;p=21843"},"modified":"2026-02-27T14:34:02","modified_gmt":"2026-02-27T14:34:02","slug":"steelcase-poste-de-travail-assis-debout-possilio-1-60m","status":"publish","type":"product","link":"https:\/\/wsa.ch\/fr\/shop\/steelcase-poste-de-travail-assis-debout-possilio-1-60m","title":{"rendered":"Steelcase Poste de travail assis-debout Possilio\u00ae (1.60m)"},"content":{"rendered":"<p>Possilio est un poste de travail assis-debout r\u00e9glable en hauteur \u00e9lectrique, con\u00e7u pour des environnements de travail flexibles. Modulaire et facile \u00e0 utiliser, il est disponible en largeurs de 1400, 1600 et 1800 mm et permet une optimisation de l\u2019espace ainsi qu\u2019une reconfiguration rapide gr\u00e2ce \u00e0 son pi\u00e9tement pliable.<\/p>\n<p>&nbsp;<\/p>\n<table style=\"border-collapse: collapse;width: 100%;height: 288px\">\n<tbody>\n<tr style=\"height: 24px\">\n<td style=\"width: 29.7629%;height: 24px\">Dimensionen:<\/td>\n<td style=\"width: 70.2371%;height: 24px\">B 1600 x T 800 mm<\/td>\n<\/tr>\n<tr style=\"height: 24px\">\n<td style=\"width: 29.7629%;height: 24px\">Couleur du plateau:<\/td>\n<td style=\"width: 70.2371%;height: 24px\">Blanc (Snow WY)<\/td>\n<\/tr>\n<tr style=\"height: 24px\">\n<td style=\"width: 29.7629%;height: 24px\">Couleur du pi\u00e8tement:<\/td>\n<td style=\"width: 70.2371%;height: 24px\">Blanc (Pearl Snow)<\/td>\n<\/tr>\n<tr style=\"height: 24px\">\n<td style=\"width: 29.7629%;height: 24px\">Forme des colonnes:<\/td>\n<td style=\"width: 70.2371%;height: 24px\">Rectangulaire<\/td>\n<\/tr>\n<tr style=\"height: 24px\">\n<td style=\"width: 29.7629%;height: 24px\">R\u00e9glage en hauteur:<\/td>\n<td style=\"width: 70.2371%;height: 24px\">Lift 650 &#8211; 1250 mm<\/td>\n<\/tr>\n<tr style=\"height: 24px\">\n<td style=\"width: 29.7629%;height: 24px\">Panneau de commande:<\/td>\n<td style=\"width: 70.2371%;height: 24px\">Haut \/ Bas (avec affichage)<\/td>\n<\/tr>\n<tr style=\"height: 24px\">\n<td style=\"width: 29.7629%;height: 24px\">Goulotte incluse<\/td>\n<td style=\"width: 70.2371%;height: 24px\"><\/td>\n<\/tr>\n<tr style=\"height: 24px\">\n<td style=\"height: 24px\">Article N\u00b0:<\/td>\n<td style=\"height: 24px\">LAG A0109<\/td>\n<\/tr>\n<\/tbody>\n<\/table>\n<p>&nbsp;<\/p>\n","protected":false},"excerpt":{"rendered":"<p>Possilio est un poste de travail assis-debout r\u00e9glable en hauteur \u00e9lectrique, con\u00e7u pour des environnements de travail flexibles. Modulaire et facile \u00e0 utiliser, il est disponible en largeurs de 1400, 1600 et 1800 mm et permet une optimisation de l\u2019espace ainsi qu\u2019une reconfiguration rapide gr\u00e2ce \u00e0 son pi\u00e9tement pliable. &nbsp; Dimensionen: B 1600 x T [&hellip;]<\/p>\n","protected":false},"featured_media":21744,"template":"","meta":{"inline_featured_image":false,"footnotes":""},"class_list":["post-21843","product","type-product","status-publish","has-post-thumbnail","hentry","product_cat-uncategorized","product_cat-bureau"],"yoast_head":"<!-- This site is optimized with the Yoast SEO plugin v15.5 - https:\/\/yoast.com\/wordpress\/plugins\/seo\/ -->\n<title>Steelcase Poste de travail assis-debout Possilio\u00ae (1.60m) | WSA Shop<\/title>\n<meta name=\"description\" content=\"WSA Shop - Steelcase Poste de travail assis-debout Possilio\u00ae (1.60m) - plus d&#039;info.\" \/>\n<meta name=\"robots\" content=\"index, follow, max-snippet:-1, max-image-preview:large, max-video-preview:-1\" \/>\n<link rel=\"canonical\" href=\"https:\/\/wsa.ch\/fr\/shop\/steelcase-poste-de-travail-assis-debout-possilio-1-60m\" \/>\n<meta property=\"og:locale\" content=\"fr_FR\" \/>\n<meta property=\"og:type\" content=\"article\" \/>\n<meta property=\"og:title\" content=\"Steelcase Poste de travail assis-debout Possilio\u00ae (1.60m) | WSA Shop\" \/>\n<meta property=\"og:description\" content=\"WSA Shop - Steelcase Poste de travail assis-debout Possilio\u00ae (1.60m) - plus d&#039;info.\" \/>\n<meta property=\"og:url\" content=\"https:\/\/wsa.ch\/fr\/shop\/steelcase-poste-de-travail-assis-debout-possilio-1-60m\" \/>\n<meta property=\"og:site_name\" content=\"WSA (FR)\" \/>\n<meta property=\"article:modified_time\" content=\"2026-02-27T14:34:02+00:00\" \/>\n<meta property=\"og:image\" content=\"https:\/\/wsa.ch\/fr\/wp-content\/uploads\/sites\/5\/2026\/01\/Posslio-Rechteckig_2-scaled-1.jpg\" \/>\n\t<meta property=\"og:image:width\" content=\"2560\" \/>\n\t<meta property=\"og:image:height\" content=\"1705\" \/>\n<meta name=\"twitter:card\" content=\"summary_large_image\" \/>\n<meta name=\"twitter:label1\" content=\"Dur\u00e9e de lecture est.\">\n\t<meta name=\"twitter:data1\" content=\"0 minute\">\n<script type=\"application\/ld+json\" class=\"yoast-schema-graph\">{\"@context\":\"https:\/\/schema.org\",\"@graph\":[{\"@type\":\"WebSite\",\"@id\":\"https:\/\/wsa.ch\/fr\/#website\",\"url\":\"https:\/\/wsa.ch\/fr\/\",\"name\":\"WSA (FR)\",\"description\":\"WSA is a leading supplier of modern office and communications environments\",\"potentialAction\":[{\"@type\":\"SearchAction\",\"target\":\"https:\/\/wsa.ch\/fr\/?s={search_term_string}\",\"query-input\":\"required name=search_term_string\"}],\"inLanguage\":\"fr-FR\"},{\"@type\":\"ImageObject\",\"@id\":\"https:\/\/wsa.ch\/fr\/shop\/steelcase-poste-de-travail-assis-debout-possilio-1-60m#primaryimage\",\"inLanguage\":\"fr-FR\",\"url\":\"https:\/\/wsa.ch\/fr\/wp-content\/uploads\/sites\/5\/2026\/01\/Posslio-Rechteckig_2-scaled-1.jpg\",\"width\":2560,\"height\":1705},{\"@type\":\"WebPage\",\"@id\":\"https:\/\/wsa.ch\/fr\/shop\/steelcase-poste-de-travail-assis-debout-possilio-1-60m#webpage\",\"url\":\"https:\/\/wsa.ch\/fr\/shop\/steelcase-poste-de-travail-assis-debout-possilio-1-60m\",\"name\":\"Steelcase Poste de travail assis-debout Possilio\\u00ae (1.60m) | WSA Shop\",\"isPartOf\":{\"@id\":\"https:\/\/wsa.ch\/fr\/#website\"},\"primaryImageOfPage\":{\"@id\":\"https:\/\/wsa.ch\/fr\/shop\/steelcase-poste-de-travail-assis-debout-possilio-1-60m#primaryimage\"},\"datePublished\":\"2026-02-27T14:30:07+00:00\",\"dateModified\":\"2026-02-27T14:34:02+00:00\",\"description\":\"WSA Shop - Steelcase Poste de travail assis-debout Possilio\\u00ae (1.60m) - plus d'info.\",\"inLanguage\":\"fr-FR\",\"potentialAction\":[{\"@type\":\"ReadAction\",\"target\":[\"https:\/\/wsa.ch\/fr\/shop\/steelcase-poste-de-travail-assis-debout-possilio-1-60m\"]}]}]}<\/script>\n<!-- \/ Yoast SEO plugin. -->","_links":{"self":[{"href":"https:\/\/wsa.ch\/fr\/wp-json\/wp\/v2\/product\/21843"}],"collection":[{"href":"https:\/\/wsa.ch\/fr\/wp-json\/wp\/v2\/product"}],"about":[{"href":"https:\/\/wsa.ch\/fr\/wp-json\/wp\/v2\/types\/product"}],"version-history":[{"count":1,"href":"https:\/\/wsa.ch\/fr\/wp-json\/wp\/v2\/product\/21843\/revisions"}],"predecessor-version":[{"id":21845,"href":"https:\/\/wsa.ch\/fr\/wp-json\/wp\/v2\/product\/21843\/revisions\/21845"}],"wp:featuredmedia":[{"embeddable":true,"href":"https:\/\/wsa.ch\/fr\/wp-json\/wp\/v2\/media\/21744"}],"wp:attachment":[{"href":"https:\/\/wsa.ch\/fr\/wp-json\/wp\/v2\/media?parent=21843"}],"curies":[{"name":"wp","href":"https:\/\/api.w.org\/{rel}","templated":true}]}}