{"id":5663,"date":"2020-09-29T13:21:39","date_gmt":"2020-09-29T13:21:39","guid":{"rendered":"http:\/\/wsa.d-z-e-n.com\/fr\/product\/steelcase-stehsitz-bfree\/"},"modified":"2024-03-25T09:39:49","modified_gmt":"2024-03-25T09:39:49","slug":"steelcase-bfree","status":"publish","type":"product","link":"https:\/\/wsa.ch\/fr\/shop\/steelcase-bfree","title":{"rendered":"Steelcase BFree"},"content":{"rendered":"<p><span data-sheets-userformat=\"[null,null,14720,null,null,null,null,null,null,null,0,1,null,null,[null,2,0],&quot;arial narrow&quot;,12]\" data-sheets-value=\"[null,2,&quot;B-Free Sit Stand est une gamme de si\\u00e8ges ludiques qui s\\u2019int\\u00e8gre dans l\\u2019espace et optimise vos r\\u00e9unions formelles et impromptues. B-Free Sit Stand permet de s\\u2019asseoir, de travailler tout en se mettant \\u00e0 l\\u2019aise pour \\u00eatre plus efficace ou encore se relaxer.\\u00a0 Caract\\u00e9ristiques et avantages\\n\\u2022Tr\\u00e8s simple d\\u2019utilisation \\n\\u2022Il est propice aux interactions spontan\\u00e9es entre collaborateurs \\n\\u2022B-Free Sit Stand est polyvalent et facile \\u00e0 d\\u00e9placer autour du poste de travail Diff\\u00e9rentes versions\\n\\u20222 hauteurs de si\\u00e8ges Sit Stand \\n\\u2022Tabouret sur roulettes \\n\\u2022Tabouret sur patins &quot;]\">B-Free Sit Stand est une gamme de si\u00e8ges ludiques qui s\u2019int\u00e8gre dans l\u2019espace et optimise vos r\u00e9unions formelles et impromptues.<\/span><\/p>\n<table style=\"border-collapse: collapse;width: 100%\">\n<tbody>\n<tr>\n<td style=\"width: 50%\">Hauteurs de si\u00e9ges:<\/td>\n<td style=\"width: 50%\">r\u00e9glables de\u00a0630-880 mm<\/td>\n<\/tr>\n<tr>\n<td style=\"width: 50%\">Surface d&rsquo;assise:<\/td>\n<td style=\"width: 50%\">Atlantic AT<\/td>\n<\/tr>\n<tr>\n<td style=\"width: 50%\">Assise:<\/td>\n<td style=\"width: 50%\">noir\u00a004<\/td>\n<\/tr>\n<tr>\n<td style=\"width: 50%\">Cadre:<\/td>\n<td style=\"width: 50%\">m\u00e9tallique noir\u00a0et mati\u00e9re plastique<\/td>\n<\/tr>\n<\/tbody>\n<\/table>\n<p>&nbsp;<\/p>\n","protected":false},"excerpt":{"rendered":"<p>B-Free Sit Stand est une gamme de si\u00e8ges ludiques qui s\u2019int\u00e8gre dans l\u2019espace et optimise vos r\u00e9unions formelles et impromptues. Hauteurs de si\u00e9ges: r\u00e9glables de\u00a0630-880 mm Surface d&rsquo;assise: Atlantic AT Assise: noir\u00a004 Cadre: m\u00e9tallique noir\u00a0et mati\u00e9re plastique &nbsp;<\/p>\n","protected":false},"featured_media":18101,"template":"","meta":{"inline_featured_image":false,"footnotes":""},"class_list":["post-5663","product","type-product","status-publish","has-post-thumbnail","hentry","product_cat-uncategorized","product_cat-zubehor","product_shipping_class-small-weight"],"yoast_head":"<!-- This site is optimized with the Yoast SEO plugin v15.5 - https:\/\/yoast.com\/wordpress\/plugins\/seo\/ -->\n<title>Steelcase BFree | WSA Shop<\/title>\n<meta name=\"description\" content=\"WSA Shop - Steelcase BFree - plus d&#039;info.\" \/>\n<meta name=\"robots\" content=\"index, follow, max-snippet:-1, max-image-preview:large, max-video-preview:-1\" \/>\n<link rel=\"canonical\" href=\"https:\/\/wsa.ch\/fr\/shop\/steelcase-bfree\" \/>\n<meta property=\"og:locale\" content=\"fr_FR\" \/>\n<meta property=\"og:type\" content=\"article\" \/>\n<meta property=\"og:title\" content=\"Steelcase BFree | WSA Shop\" \/>\n<meta property=\"og:description\" content=\"WSA Shop - Steelcase BFree - plus d&#039;info.\" \/>\n<meta property=\"og:url\" content=\"https:\/\/wsa.ch\/fr\/shop\/steelcase-bfree\" \/>\n<meta property=\"og:site_name\" content=\"WSA (FR)\" \/>\n<meta property=\"article:modified_time\" content=\"2024-03-25T09:39:49+00:00\" \/>\n<meta property=\"og:image\" content=\"https:\/\/wsa.ch\/fr\/wp-content\/uploads\/sites\/5\/2023\/07\/STEELCASE-STEHSITZ-BFREE-2023-scaled-1.jpg\" \/>\n\t<meta property=\"og:image:width\" content=\"2560\" \/>\n\t<meta property=\"og:image:height\" content=\"2560\" \/>\n<meta name=\"twitter:card\" content=\"summary_large_image\" \/>\n<meta name=\"twitter:label1\" content=\"Dur\u00e9e de lecture est.\">\n\t<meta name=\"twitter:data1\" content=\"0 minute\">\n<script type=\"application\/ld+json\" class=\"yoast-schema-graph\">{\"@context\":\"https:\/\/schema.org\",\"@graph\":[{\"@type\":\"WebSite\",\"@id\":\"https:\/\/wsa.ch\/fr\/#website\",\"url\":\"https:\/\/wsa.ch\/fr\/\",\"name\":\"WSA (FR)\",\"description\":\"WSA is a leading supplier of modern office and communications environments\",\"potentialAction\":[{\"@type\":\"SearchAction\",\"target\":\"https:\/\/wsa.ch\/fr\/?s={search_term_string}\",\"query-input\":\"required name=search_term_string\"}],\"inLanguage\":\"fr-FR\"},{\"@type\":\"ImageObject\",\"@id\":\"https:\/\/wsa.ch\/fr\/shop\/steelcase-bfree#primaryimage\",\"inLanguage\":\"fr-FR\",\"url\":\"https:\/\/wsa.ch\/fr\/wp-content\/uploads\/sites\/5\/2023\/07\/STEELCASE-STEHSITZ-BFREE-2023-scaled-1.jpg\",\"width\":2560,\"height\":2560,\"caption\":\"STEELCASE STEHSITZ BFREE 2023\"},{\"@type\":\"WebPage\",\"@id\":\"https:\/\/wsa.ch\/fr\/shop\/steelcase-bfree#webpage\",\"url\":\"https:\/\/wsa.ch\/fr\/shop\/steelcase-bfree\",\"name\":\"Steelcase BFree | WSA Shop\",\"isPartOf\":{\"@id\":\"https:\/\/wsa.ch\/fr\/#website\"},\"primaryImageOfPage\":{\"@id\":\"https:\/\/wsa.ch\/fr\/shop\/steelcase-bfree#primaryimage\"},\"datePublished\":\"2020-09-29T13:21:39+00:00\",\"dateModified\":\"2024-03-25T09:39:49+00:00\",\"description\":\"WSA Shop - Steelcase BFree - plus d'info.\",\"inLanguage\":\"fr-FR\",\"potentialAction\":[{\"@type\":\"ReadAction\",\"target\":[\"https:\/\/wsa.ch\/fr\/shop\/steelcase-bfree\"]}]}]}<\/script>\n<!-- \/ Yoast SEO plugin. -->","_links":{"self":[{"href":"https:\/\/wsa.ch\/fr\/wp-json\/wp\/v2\/product\/5663"}],"collection":[{"href":"https:\/\/wsa.ch\/fr\/wp-json\/wp\/v2\/product"}],"about":[{"href":"https:\/\/wsa.ch\/fr\/wp-json\/wp\/v2\/types\/product"}],"version-history":[{"count":2,"href":"https:\/\/wsa.ch\/fr\/wp-json\/wp\/v2\/product\/5663\/revisions"}],"predecessor-version":[{"id":14697,"href":"https:\/\/wsa.ch\/fr\/wp-json\/wp\/v2\/product\/5663\/revisions\/14697"}],"wp:featuredmedia":[{"embeddable":true,"href":"https:\/\/wsa.ch\/fr\/wp-json\/wp\/v2\/media\/18101"}],"wp:attachment":[{"href":"https:\/\/wsa.ch\/fr\/wp-json\/wp\/v2\/media?parent=5663"}],"curies":[{"name":"wp","href":"https:\/\/api.w.org\/{rel}","templated":true}]}}